{"id":692,"date":"2025-04-27T10:34:03","date_gmt":"2025-04-27T10:34:03","guid":{"rendered":"https:\/\/www.tessmaserobrioso-misc.com\/?page_id=692"},"modified":"2025-09-27T16:10:50","modified_gmt":"2025-09-27T16:10:50","slug":"aviso-legal","status":"publish","type":"page","link":"https:\/\/tessmaserobrioso-misc.com\/en\/informacion-legal\/aviso-legal\/","title":{"rendered":"Legal notice"},"content":{"rendered":"<div data-elementor-type=\"wp-page\" data-elementor-id=\"692\" class=\"elementor elementor-692\" data-elementor-post-type=\"page\">\n\t\t\t\t<div data-particle_enable=\"false\" data-particle-mobile-disabled=\"false\" class=\"elementor-element elementor-element-2482007 e-con-full e-flex e-con e-parent\" data-id=\"2482007\" data-element_type=\"container\" data-e-type=\"container\" data-settings=\"{&quot;background_background&quot;:&quot;classic&quot;}\">\n\t\t<div data-particle_enable=\"false\" data-particle-mobile-disabled=\"false\" class=\"elementor-element elementor-element-58ed58e e-con-full e-flex e-con e-child\" data-id=\"58ed58e\" data-element_type=\"container\" data-e-type=\"container\" data-settings=\"{&quot;background_background&quot;:&quot;classic&quot;}\">\n\t\t<div data-particle_enable=\"false\" data-particle-mobile-disabled=\"false\" class=\"elementor-element elementor-element-a5cb1b4 e-con-full e-flex e-con e-child\" data-id=\"a5cb1b4\" data-element_type=\"container\" data-e-type=\"container\">\n\t\t\t\t<div class=\"elementor-element elementor-element-003d31f elementor-widget elementor-widget-heading\" data-id=\"003d31f\" data-element_type=\"widget\" data-e-type=\"widget\" data-widget_type=\"heading.default\">\n\t\t\t\t<div class=\"elementor-widget-container\">\n\t\t\t\t\t<h1 class=\"elementor-heading-title elementor-size-default\">Legal notice<\/h1>\t\t\t\t<\/div>\n\t\t\t\t<\/div>\n\t\t\t\t<div class=\"elementor-element elementor-element-f2258c9 elementor-widget elementor-widget-text-editor\" data-id=\"f2258c9\" data-element_type=\"widget\" data-e-type=\"widget\" data-widget_type=\"text-editor.default\">\n\t\t\t\t<div class=\"elementor-widget-container\">\n\t\t\t\t\t\t\t\t\t<p>En cumplimiento de la Ley 34\/2002, de 11 de julio, de Servicios de la Sociedad de la Informaci\u00f3n y de Comercio Electr\u00f3nico (LSSI-CE), TESS MASERO BRIOSO informa que es titular del sitio web. De acuerdo con la exigencia del art\u00edculo 10 de la citada Ley, TESS MASERO BRIOSO informa de los siguientes datos:<\/p>\n<p>REPRESENTANTE LEGAL: TESS MASERO BRIOSO<\/p>\n<ul>\n<li><span style=\"text-decoration: underline;\">NIF<\/span>: 38847775Q<\/li>\n<li><span style=\"text-decoration: underline;\">DOMINIO<\/span>: tessmaserobrioso-misc.com\u00a0<\/li>\n<li><span style=\"text-decoration: underline;\">DIRECCI\u00d3N POSTA<\/span>L: CL. VALLDONZELLA, 56, PISO 3 &#8211; PUERTA 2. C.P.: 08001 de Barcelona, Espa\u00f1a.<\/li>\n<li><span style=\"text-decoration: underline;\">DIRECCI\u00d3N ELECTR\u00d3NICA<\/span>: <a class=\"paddingrightonly\" href=\"mailto:tess.masero.brioso@gmail.com\">tess.masero.brioso@gmail.com<\/a><\/li>\n<li><span style=\"text-decoration: underline;\">TEL\u00c9FONO<\/span>: <a href=\"tel:647231636\">647231636<\/a><\/li>\n<\/ul>\t\t\t\t\t\t\t\t<\/div>\n\t\t\t\t<\/div>\n\t\t\t\t<div class=\"elementor-element elementor-element-6288be4 elementor-widget elementor-widget-text-editor\" data-id=\"6288be4\" data-element_type=\"widget\" data-e-type=\"widget\" data-widget_type=\"text-editor.default\">\n\t\t\t\t<div class=\"elementor-widget-container\">\n\t\t\t\t\t\t\t\t\t<h2><span style=\"text-decoration: underline;\">Usuario y r\u00e9gimen de responsabilidades<\/span><\/h2>\n<p>La navegaci\u00f3n, acceso y uso por el sitio web de TESS MASERO BRIOSO confiere la condici\u00f3n de usuario. El sitio web de TESS MASERO BRIOSO proporciona gran diversidad de informaci\u00f3n, servicios y datos. El usuario asume su responsabilidad en el uso correcto del sitio web. Esta responsabilidad se extender\u00e1 a:<\/p>\n<ul>\n<li>La veracidad y licitud de las informaciones aportadas por el usuario en los formularios extendidos por TESS MASERO BRIOSO para el acceso a ciertos contenidos o servicios ofrecidos por el web.<\/li>\n<\/ul>\n<ul>\n<li>El uso de la informaci\u00f3n, servicios y datos ofrecidos por TESS MASERO BRIOSO contrariamente a lo dispuesto por las presentes condiciones, la Ley, la moral, las buenas costumbres o el orden p\u00fablico, o que de cualquier otro modo puedan suponer lesi\u00f3n de los derechos de terceros o del mismo funcionamiento del sitio web.<\/li>\n<\/ul>\n<h4>\u00a0<\/h4>\n<h3><span style=\"text-decoration: underline;\">Pol\u00edtica de enlaces y exenciones de responsabilidad<\/span><\/h3>\n<p>TESS MASERO BRIOSO no se hace responsable del contenido de los sitios web a los que el usuario pueda acceder a trav\u00e9s de los enlaces establecidos en su sitio web, siempre que no tenga conocimiento efectivo de que la actividad o la informaci\u00f3n a la que remite o recomienda es il\u00edcita o de que lesiona bienes o derechos de un tercero susceptibles de indemnizaci\u00f3n, o, en caso de tenerlo, act\u00fae con diligencia para suprimir o inutilizar el enlace correspondiente.<\/p>\n<p>Se entender\u00e1 que TESS MASERO BRIOSO tiene el conocimiento efectivo a que se refiere el p\u00e1rrafo anterior cuando un \u00f3rgano competente haya declarado la ilicitud de los datos, ordenado su retirada o que se imposibilite el acceso a los mismos, o se hubiera declarado la existencia de la lesi\u00f3n, y TESS MASERO BRIOSO conociera la correspondiente resoluci\u00f3n, sin perjuicio de los procedimientos de detecci\u00f3n y retirada de contenidos que TESS MASERO BRIOSO aplique en virtud de acuerdos voluntarios y de otros medios de conocimiento efectivo que pudieran establecerse.<\/p>\n<p>TESS MASERO BRIOSO declara haber adoptado todas las medidas necesarias para evitar cualquier da\u00f1o a los usuarios de su sitio web, que pudieran derivarse de la navegaci\u00f3n por su sitio web. En consecuencia, TESS MASERO BRIOSO no se hace responsable, en ning\u00fan caso, de los eventuales da\u00f1os que por la navegaci\u00f3n por Internet pudiera sufrir el usuario. Asimismo, tampoco garantizar\u00e1 la disponibilidad t\u00e9cnica, exactitud, veracidad, validez o legalidad de sitios ajenos a su propiedad a los que se pueda acceder por medio de los enlaces.<\/p>\n<h4>\u00a0<\/h4>\n<h3><span style=\"text-decoration: underline;\">Modificaciones<\/span><\/h3>\n<p>TESS MASERO BRIOSO se reserva el derecho a realizar las modificaciones que considere oportunas, sin aviso previo, en el contenido de su sitio web. Tanto en lo referente a los contenidos del sitio web, como en las condiciones de uso del mismo, o en las condiciones generales de contrataci\u00f3n. Los cambios a los que hace referencia este apartado, no afectar\u00e1n a las contrataciones realizadas con fecha anterior a la fecha de publicaci\u00f3n de los mismos.<\/p>\n<p>Dichas modificaciones podr\u00e1n realizarse a trav\u00e9s de su sitio web por cualquier forma admisible en derecho y ser\u00e1n de obligado cumplimiento durante el tiempo en que se encuentren publicadas en el web y hasta que no sean modificadas v\u00e1lidamente por otras posteriores.<\/p>\n<h4>\u00a0<\/h4>\n<h3><span style=\"text-decoration: underline;\">Indicaci\u00f3n de precios<\/span><\/h3>\n<p>En caso de que se muestren precios de productos y\/o servicios, los indicados en pantalla ser\u00e1n los vigentes en cada momento. Los precios ser\u00e1n indicados en euros y tendr\u00e1n incorporado el Impuesto sobre el Valor A\u00f1adido (IVA). En caso de que no se incorpore el IVA en el precio, se indicar\u00e1 de manera expresa y se permitir\u00e1 al usuario visualizar el precio final completo.<\/p>\n<p>Asimismo, si fuera aplicable cualquier otro impuesto, as\u00ed se indicar\u00eda, incluyendo, en su caso, el importe de los incrementos o descuentos que sean de aplicaci\u00f3n a la oferta y los gastos adicionales que puedan repercutir al consumidor o usuario.<\/p>\n<h4>\u00a0<\/h4>\n<h3><span style=\"text-decoration: underline;\">Propiedad intelectual e industrial<\/span><\/h3>\n<p>TESS MASERO BRIOSO por s\u00ed misma o como cesionaria, es titular de todos los derechos de propiedad intelectual e industrial de su p\u00e1gina web, as\u00ed como de los elementos contenidos en la misma (a t\u00edtulo enunciativo, im\u00e1genes, sonido, audio, v\u00eddeo, software o textos; marcas o logotipos, combinaciones de colores, estructura y dise\u00f1o, selecci\u00f3n de materiales usados, programas de ordenador necesarios para su funcionamiento, acceso y uso, etc.), titularidad de TESS MASERO BRIOSO. Ser\u00e1n, por consiguiente, obras protegidas como propiedad intelectual por el ordenamiento jur\u00eddico espa\u00f1ol, si\u00e9ndoles aplicables tanto la normativa espa\u00f1ola y comunitaria en este campo, como los tratados internacionales relativos a la materia y suscritos por Espa\u00f1a.<\/p>\n<p>Todos los derechos reservados. En virtud de lo dispuesto en la Ley de Propiedad Intelectual, quedan expresamente prohibidas la reproducci\u00f3n, la distribuci\u00f3n y la comunicaci\u00f3n p\u00fablica, incluida su modalidad de puesta a disposici\u00f3n, de la totalidad o parte de los contenidos de esta p\u00e1gina web, con fines comerciales, en cualquier soporte y por cualquier medio t\u00e9cnico, sin la autorizaci\u00f3n de TESS MASERO BRIOSO.<\/p>\n<p>El usuario se compromete a respetar los derechos de Propiedad Intelectual e Industrial titularidad de TESS MASERO BRIOSO. Podr\u00e1 visualizar los elementos del portal e incluso imprimirlos, copiarlos y almacenarlos en el disco duro de su ordenador o en cualquier otro soporte f\u00edsico siempre y cuando sea, \u00fanica y exclusivamente, para su uso personal y privado. El usuario deber\u00e1 abstenerse de suprimir, alterar, eludir o manipular cualquier dispositivo de protecci\u00f3n o sistema de seguridad que estuviera instalado en las p\u00e1ginas de GASES SOLUTIONS LW S.L..<\/p>\n<h4>\u00a0<\/h4>\n<h3><span style=\"text-decoration: underline;\">Certificado SSL (secure sockets layer)<\/span><\/h3>\n<p>El CERTIFICADO SSL proporciona autenticaci\u00f3n, privacidad y seguridad de la informaci\u00f3n entre TESS MASERO BRIOSO y el usuario.<\/p>\n<p>GASES SOLUTIONS LW S.L. dispone de un certificado de seguridad que se utiliza por CERTIFICADO SSL para realizar conexiones seguras.<\/p>\n<p>En este proceso se establecen varios par\u00e1metros para realizar la conexi\u00f3n de forma segura y se establece usando llaves preestablecidas, codificando y descodificando todos los datos enviados hasta que la conexi\u00f3n sea cerrada.<\/p>\n<h4>\u00a0<\/h4>\n<h3><span style=\"text-decoration: underline;\">Acciones legales, legislaci\u00f3n aplicable y jurisdicci\u00f3n<\/span><\/h3>\n<p>Si el usuario desea presentar una reclamaci\u00f3n, deber\u00e1 contactar mediante el correo electr\u00f3nico <a class=\"paddingrightonly\" href=\"mailto:tess.masero.brioso@gmail.com\">tess.masero.brioso@gmail.com<\/a>. Asimismo, TESS MASERO BRIOSO dispone de hojas oficiales de reclamaci\u00f3n a disposici\u00f3n de los consumidores y usuarios.<\/p>\n<p>TESS MASERO BRIOSO se reserva la facultad de presentar las acciones civiles o penales que considere oportunas por la utilizaci\u00f3n indebida de su sitio web y contenidos, o por el incumplimiento de las presentes condiciones.<\/p>\n<p>La relaci\u00f3n entre el usuario y el prestador se regir\u00e1 por la normativa vigente y de aplicaci\u00f3n en el territorio espa\u00f1ol. De surgir cualquier controversia las partes podr\u00e1n someter sus conflictos a arbitraje o acudir a la jurisdicci\u00f3n ordinaria cumpliendo con las normas sobre jurisdicci\u00f3n y competencia al respecto. TESS MASERO BRIOSO tiene su domicilio en BARCELONA, Espa\u00f1a.<\/p>\n<p><strong>\u00daltima actualizaci\u00f3n: 25 de septiembre de 2025<\/strong><\/p>\t\t\t\t\t\t\t\t<\/div>\n\t\t\t\t<\/div>\n\t\t\t\t<\/div>\n\t\t\t\t<\/div>\n\t\t\t\t<\/div>\n\t\t\t\t<\/div>","protected":false},"excerpt":{"rendered":"<p>Aviso legal En cumplimiento de la Ley 34\/2002, de 11 de julio, de Servicios de la Sociedad de la Informaci\u00f3n y de Comercio Electr\u00f3nico (LSSI-CE), TESS MASERO BRIOSO informa que es titular del sitio web. De acuerdo con la exigencia del art\u00edculo 10 de la citada Ley, TESS MASERO BRIOSO informa de los siguientes datos: [&hellip;]<\/p>\n","protected":false},"author":2,"featured_media":0,"parent":677,"menu_order":0,"comment_status":"closed","ping_status":"closed","template":"","meta":{"inline_featured_image":false,"footnotes":""},"class_list":["post-692","page","type-page","status-publish","hentry"],"_links":{"self":[{"href":"https:\/\/tessmaserobrioso-misc.com\/en\/wp-json\/wp\/v2\/pages\/692","targetHints":{"allow":["GET"]}}],"collection":[{"href":"https:\/\/tessmaserobrioso-misc.com\/en\/wp-json\/wp\/v2\/pages"}],"about":[{"href":"https:\/\/tessmaserobrioso-misc.com\/en\/wp-json\/wp\/v2\/types\/page"}],"author":[{"embeddable":true,"href":"https:\/\/tessmaserobrioso-misc.com\/en\/wp-json\/wp\/v2\/users\/2"}],"replies":[{"embeddable":true,"href":"https:\/\/tessmaserobrioso-misc.com\/en\/wp-json\/wp\/v2\/comments?post=692"}],"version-history":[{"count":61,"href":"https:\/\/tessmaserobrioso-misc.com\/en\/wp-json\/wp\/v2\/pages\/692\/revisions"}],"predecessor-version":[{"id":2065,"href":"https:\/\/tessmaserobrioso-misc.com\/en\/wp-json\/wp\/v2\/pages\/692\/revisions\/2065"}],"up":[{"embeddable":true,"href":"https:\/\/tessmaserobrioso-misc.com\/en\/wp-json\/wp\/v2\/pages\/677"}],"wp:attachment":[{"href":"https:\/\/tessmaserobrioso-misc.com\/en\/wp-json\/wp\/v2\/media?parent=692"}],"curies":[{"name":"wp","href":"https:\/\/api.w.org\/{rel}","templated":true}]}}