{"id":1184,"date":"2025-05-10T19:04:02","date_gmt":"2025-05-10T19:04:02","guid":{"rendered":"https:\/\/www.tessmaserobrioso-misc.com\/?post_type=product&#038;p=1184"},"modified":"2026-03-12T12:18:58","modified_gmt":"2026-03-12T12:18:58","slug":"bordado-33","status":"publish","type":"product","link":"https:\/\/tessmaserobrioso-misc.com\/en\/product\/bordado-33\/","title":{"rendered":"Embroidery 33"},"content":{"rendered":"<p>Impresi\u00f3n de alta calidad y sin relieve, hecha a partir de un original. Si quieres el original con el bordado, consulta la secci\u00f3n &#8216;originales&#8217;.<\/p>\n<ul>\n<li>Impresi\u00f3n realizada en papel de alta calidad<\/li>\n<li>Marco no incluido<\/li>\n<li>Disponible en tama\u00f1os A5 y A4<\/li>\n<li>Print firmado<\/li>\n<\/ul>\n<p>&nbsp;<\/p>\n<p>A todos los pedidos superiores a 25 \u20ac <em>(sin contar con los gastos de env\u00edo)<\/em> se les a\u00f1ade un print especial en formato A5, como muestra de agradecimiento.<\/p>","protected":false},"excerpt":{"rendered":"<p>Impresi\u00f3n de alta calidad y sin relieve, hecha a partir de un original. Si quieres el original con el bordado, consulta la secci\u00f3n &#8216;originales&#8217;. Impresi\u00f3n realizada en papel de alta calidad Marco no incluido Disponible en tama\u00f1os A5 y A4 Print firmado &nbsp; A todos los pedidos superiores a 25 \u20ac (sin contar con los [&hellip;]<\/p>\n","protected":false},"featured_media":938,"template":"","meta":{"inline_featured_image":false},"product_brand":[],"product_cat":[28],"product_tag":[],"class_list":{"0":"post-1184","1":"product","2":"type-product","3":"status-publish","4":"has-post-thumbnail","6":"product_cat-bordados","8":"first","9":"instock","10":"taxable","11":"shipping-taxable","12":"purchasable","13":"product-type-variable"},"_links":{"self":[{"href":"https:\/\/tessmaserobrioso-misc.com\/en\/wp-json\/wp\/v2\/product\/1184","targetHints":{"allow":["GET"]}}],"collection":[{"href":"https:\/\/tessmaserobrioso-misc.com\/en\/wp-json\/wp\/v2\/product"}],"about":[{"href":"https:\/\/tessmaserobrioso-misc.com\/en\/wp-json\/wp\/v2\/types\/product"}],"wp:featuredmedia":[{"embeddable":true,"href":"https:\/\/tessmaserobrioso-misc.com\/en\/wp-json\/wp\/v2\/media\/938"}],"wp:attachment":[{"href":"https:\/\/tessmaserobrioso-misc.com\/en\/wp-json\/wp\/v2\/media?parent=1184"}],"wp:term":[{"taxonomy":"product_brand","embeddable":true,"href":"https:\/\/tessmaserobrioso-misc.com\/en\/wp-json\/wp\/v2\/product_brand?post=1184"},{"taxonomy":"product_cat","embeddable":true,"href":"https:\/\/tessmaserobrioso-misc.com\/en\/wp-json\/wp\/v2\/product_cat?post=1184"},{"taxonomy":"product_tag","embeddable":true,"href":"https:\/\/tessmaserobrioso-misc.com\/en\/wp-json\/wp\/v2\/product_tag?post=1184"}],"curies":[{"name":"wp","href":"https:\/\/api.w.org\/{rel}","templated":true}]}}